{"id":179,"date":"2025-05-04T08:33:17","date_gmt":"2025-05-04T08:33:17","guid":{"rendered":"https:\/\/turiyaboats.com\/?post_type=product&#038;p=179"},"modified":"2025-05-26T17:12:52","modified_gmt":"2025-05-26T17:12:52","slug":"annual-plans-30-discount-up-to-25-listings","status":"publish","type":"product","link":"https:\/\/turiyaboats.com\/index.php\/product\/annual-plans-30-discount-up-to-25-listings\/","title":{"rendered":"Annual Plans (30% Discount) &#8211; up to 25 listings per year"},"content":{"rendered":"<p><span style=\"vertical-align: inherit;\"><span style=\"vertical-align: inherit;\">Equilibrado e acess\u00edvel para usu\u00e1rios ativos com um invent\u00e1rio s\u00f3lido de listagens.<\/span><\/span><\/p>\n","protected":false},"excerpt":{"rendered":"<p>Equilibrado e acess\u00edvel para usu\u00e1rios ativos com um invent\u00e1rio s\u00f3lido de listagens.<\/p>\n","protected":false},"featured_media":0,"comment_status":"open","ping_status":"closed","template":"","meta":[],"product_brand":[],"product_cat":[20],"product_tag":[],"class_list":{"0":"post-179","1":"product","2":"type-product","3":"status-publish","5":"product_cat-uncategorized","7":"first","8":"instock","9":"virtual","10":"purchasable","11":"product-type-simple"},"_links":{"self":[{"href":"https:\/\/turiyaboats.com\/index.php\/wp-json\/wp\/v2\/product\/179","targetHints":{"allow":["GET"]}}],"collection":[{"href":"https:\/\/turiyaboats.com\/index.php\/wp-json\/wp\/v2\/product"}],"about":[{"href":"https:\/\/turiyaboats.com\/index.php\/wp-json\/wp\/v2\/types\/product"}],"replies":[{"embeddable":true,"href":"https:\/\/turiyaboats.com\/index.php\/wp-json\/wp\/v2\/comments?post=179"}],"wp:attachment":[{"href":"https:\/\/turiyaboats.com\/index.php\/wp-json\/wp\/v2\/media?parent=179"}],"wp:term":[{"taxonomy":"product_brand","embeddable":true,"href":"https:\/\/turiyaboats.com\/index.php\/wp-json\/wp\/v2\/product_brand?post=179"},{"taxonomy":"product_cat","embeddable":true,"href":"https:\/\/turiyaboats.com\/index.php\/wp-json\/wp\/v2\/product_cat?post=179"},{"taxonomy":"product_tag","embeddable":true,"href":"https:\/\/turiyaboats.com\/index.php\/wp-json\/wp\/v2\/product_tag?post=179"}],"curies":[{"name":"wp","href":"https:\/\/api.w.org\/{rel}","templated":true}]}}